{"id":8852,"date":"2023-06-29T11:30:50","date_gmt":"2023-06-29T09:30:50","guid":{"rendered":"https:\/\/training.stratec-medizintechnik.de\/?post_type=product&#038;p=8852"},"modified":"2023-10-05T16:27:20","modified_gmt":"2023-10-05T14:27:20","slug":"galileo-trainingshandbuch-print","status":"publish","type":"product","link":"https:\/\/galileo-training.com\/en\/products\/galileo-trainingshandbuch-print\/","title":{"rendered":"Galileo\u00ae Trainingshandbuch"},"content":{"rendered":"<h3>Zubeh\u00f6r f\u00fcr Galileo<\/h3>\n<p>&nbsp;<\/p>\n<p>Galileo Trainingshandbuch mit \u00dcbungen f\u00fcr Einsteiger und Fortgeschrittene.<\/p>\n<p>Autor: Chris Baur, Novotec Medical GmbH.<\/p>\n<p>Inhalt: Trainingsgrundlagen. \u00dcber 50 \u00dcbungen mit detaillierter \u00dcbungsbeschreibung inklusive Bildreihen, Parameter-Empfehlung entsprechend der drei Schwierigkeitsstufen und \u00dcbungsempfehlungen. Trainingspl\u00e4ne.<\/p>\n<p>Umfang, Verarbeitung: 140 Seiten, Format DIN A4 hoch, Klebebindung, Umschlag farbig, Inhalt s\/w.<\/p>\n","protected":false},"excerpt":{"rendered":"<p>Zubeh\u00f6r f\u00fcr Galileo &nbsp; Galileo Trainingshandbuch mit \u00dcbungen f\u00fcr Einsteiger und Fortgeschrittene. Autor: Chris Baur, Novotec Medical GmbH. Inhalt: Trainingsgrundlagen.<\/p>\n","protected":false},"featured_media":8853,"template":"","meta":{"_acf_changed":false},"product_brand":[],"product_cat":[192,802],"product_tag":[],"class_list":{"0":"post-8852","1":"product","2":"type-product","3":"status-publish","4":"has-post-thumbnail","6":"product_cat-shop","7":"product_cat-sonstiges","8":"product_shipping_class-regulaere-versandkosten-2035e","10":"first","11":"instock","12":"taxable","13":"shipping-taxable","14":"purchasable","15":"product-type-simple"},"acf":[],"_links":{"self":[{"href":"https:\/\/galileo-training.com\/en\/wp-json\/wp\/v2\/product\/8852","targetHints":{"allow":["GET"]}}],"collection":[{"href":"https:\/\/galileo-training.com\/en\/wp-json\/wp\/v2\/product"}],"about":[{"href":"https:\/\/galileo-training.com\/en\/wp-json\/wp\/v2\/types\/product"}],"wp:featuredmedia":[{"embeddable":true,"href":"https:\/\/galileo-training.com\/en\/wp-json\/wp\/v2\/media\/8853"}],"wp:attachment":[{"href":"https:\/\/galileo-training.com\/en\/wp-json\/wp\/v2\/media?parent=8852"}],"wp:term":[{"taxonomy":"product_brand","embeddable":true,"href":"https:\/\/galileo-training.com\/en\/wp-json\/wp\/v2\/product_brand?post=8852"},{"taxonomy":"product_cat","embeddable":true,"href":"https:\/\/galileo-training.com\/en\/wp-json\/wp\/v2\/product_cat?post=8852"},{"taxonomy":"product_tag","embeddable":true,"href":"https:\/\/galileo-training.com\/en\/wp-json\/wp\/v2\/product_tag?post=8852"}],"curies":[{"name":"wp","href":"https:\/\/api.w.org\/{rel}","templated":true}]}}