{"id":6050,"date":"2023-05-24T08:55:55","date_gmt":"2023-05-24T06:55:55","guid":{"rendered":"https:\/\/training.stratec-medizintechnik.de\/?post_type=product&#038;p=6050"},"modified":"2023-08-17T09:30:08","modified_gmt":"2023-08-17T07:30:08","slug":"posterpaket-galileo-training","status":"publish","type":"product","link":"https:\/\/galileo-training.com\/en\/products\/posterpaket-galileo-training\/","title":{"rendered":"Posterpaket Galileo\u00ae Training"},"content":{"rendered":"<h3>Zubeh\u00f6r f\u00fcr Galileo<\/h3>\n<p>&nbsp;<\/p>\n<p>Das Paket enth\u00e4lt insgesamt 5 Poster f\u00fcr Galileo Training, Gr\u00f6\u00dfe (b\/h): 500 x 700 mm.<\/p>\n<p><strong>Inhalt:<\/strong><\/p>\n<ul>\n<li>1<em>\u00a0Basics<\/em>: Grundregeln und die 6 Grund\u00fcbungen Galileo Training.<\/li>\n<li><em>2 R\u00fccken Entspannung<\/em>: \u00dcbungen zur Lockerung und Kr\u00e4ftigung der R\u00fcckenmuskulatur und Verbesserung von Dehnf\u00e4higkeit und Flexibilit\u00e4t.<\/li>\n<li><em>3 Beckenboden<\/em>: \u00dcbungen zur St\u00e4rkung der Beckenbodenmuskulatur sowie zur Verbesserung der willlentlichen Kontrolle.<\/li>\n<li><em>4 Reduktion Sturzrisiko<\/em>: \u00dcbungen zur Steigerung von Muskelleistung und Muskelkraft f\u00fcr starke Knochen, Verbesserung von Balance und Koordination sowie von Dehnf\u00e4higkeit, Flexibilit\u00e4t und Muskelfunktion.<\/li>\n<li><em>5 Bodyforming<\/em>: \u00dcbungen zur Kr\u00e4ftigung der Muskulatur, St\u00e4rkung des Bindegewebes, zur Durchblutungsf\u00f6rderung und Hautbildverbesserung.<\/li>\n<\/ul>\n","protected":false},"excerpt":{"rendered":"<p>Zubeh\u00f6r f\u00fcr Galileo &nbsp; Das Paket enth\u00e4lt insgesamt 5 Poster f\u00fcr Galileo Training, Gr\u00f6\u00dfe (b\/h): 500 x 700 mm. Inhalt:<\/p>\n","protected":false},"featured_media":16888,"template":"","meta":{"_acf_changed":false},"product_brand":[],"product_cat":[192,296],"product_tag":[],"class_list":{"0":"post-6050","1":"product","2":"type-product","3":"status-publish","4":"has-post-thumbnail","6":"product_cat-shop","7":"product_cat-promotionmaterial","8":"product_shipping_class-regulaere-versandkosten-2035e","10":"first","11":"instock","12":"taxable","13":"shipping-taxable","14":"purchasable","15":"product-type-simple"},"acf":[],"_links":{"self":[{"href":"https:\/\/galileo-training.com\/en\/wp-json\/wp\/v2\/product\/6050","targetHints":{"allow":["GET"]}}],"collection":[{"href":"https:\/\/galileo-training.com\/en\/wp-json\/wp\/v2\/product"}],"about":[{"href":"https:\/\/galileo-training.com\/en\/wp-json\/wp\/v2\/types\/product"}],"wp:featuredmedia":[{"embeddable":true,"href":"https:\/\/galileo-training.com\/en\/wp-json\/wp\/v2\/media\/16888"}],"wp:attachment":[{"href":"https:\/\/galileo-training.com\/en\/wp-json\/wp\/v2\/media?parent=6050"}],"wp:term":[{"taxonomy":"product_brand","embeddable":true,"href":"https:\/\/galileo-training.com\/en\/wp-json\/wp\/v2\/product_brand?post=6050"},{"taxonomy":"product_cat","embeddable":true,"href":"https:\/\/galileo-training.com\/en\/wp-json\/wp\/v2\/product_cat?post=6050"},{"taxonomy":"product_tag","embeddable":true,"href":"https:\/\/galileo-training.com\/en\/wp-json\/wp\/v2\/product_tag?post=6050"}],"curies":[{"name":"wp","href":"https:\/\/api.w.org\/{rel}","templated":true}]}}