{"id":35858,"date":"2025-02-10T16:00:36","date_gmt":"2025-02-10T15:00:36","guid":{"rendered":"https:\/\/galileo-training.com\/?post_type=product&#038;p=35858"},"modified":"2025-02-17T08:05:42","modified_gmt":"2025-02-17T07:05:42","slug":"flyer-galileo-therapy-postpartal-100-stk","status":"publish","type":"product","link":"https:\/\/galileo-training.com\/en\/products\/flyer-galileo-therapy-postpartal-100-stk\/","title":{"rendered":"Flyer Galileo<sup>\u00ae<\/sup> Therapy &#8211; Postpartal: 100 Stk., A4"},"content":{"rendered":"<h3>Zubeh\u00f6r f\u00fcr Galileo<\/h3>\n<p>Flyer &#8220;Galileo Therapy &#8211; Postpartal&#8221;, Zielgruppe \u00c4rzte \/ Therapeuten. Gr\u00f6\u00dfe (b\/h): A4, 210 x 297 mm (gefaltet), 4seitig.<br \/>\nDer angegebene Preis gilt f\u00fcr die Mindestbestellmenge von 100 Stk.<\/p>\n","protected":false},"excerpt":{"rendered":"<h3>Zubeh\u00f6r f\u00fcr Galileo<\/h3>\n<p>Flyer &#8220;Galileo Therapy &#8211; Postpartal&#8221;, Zielgruppe \u00c4rzte \/ Therapeuten. Gr\u00f6\u00dfe (b\/h): A4, 210 x 297 mm (gefaltet), 4seitig.<br \/>\nDer angegebene Preis gilt f\u00fcr die Mindestbestellmenge von 100 Stk. Indikationsbezogenes Werbemittel f\u00fcr den Einsatz von Medizinprodukten bei \u00c4rzten und Therapeuten.<\/p>\n","protected":false},"featured_media":35925,"template":"","meta":{"_acf_changed":false},"product_brand":[],"product_cat":[192,775],"product_tag":[],"class_list":{"0":"post-35858","1":"product","2":"type-product","3":"status-publish","4":"has-post-thumbnail","6":"product_cat-shop","7":"product_cat-flyer","8":"product_shipping_class-regulaere-versandkosten-2035e","10":"first","11":"instock","12":"taxable","13":"shipping-taxable","14":"purchasable","15":"product-type-simple"},"acf":[],"_links":{"self":[{"href":"https:\/\/galileo-training.com\/en\/wp-json\/wp\/v2\/product\/35858","targetHints":{"allow":["GET"]}}],"collection":[{"href":"https:\/\/galileo-training.com\/en\/wp-json\/wp\/v2\/product"}],"about":[{"href":"https:\/\/galileo-training.com\/en\/wp-json\/wp\/v2\/types\/product"}],"wp:featuredmedia":[{"embeddable":true,"href":"https:\/\/galileo-training.com\/en\/wp-json\/wp\/v2\/media\/35925"}],"wp:attachment":[{"href":"https:\/\/galileo-training.com\/en\/wp-json\/wp\/v2\/media?parent=35858"}],"wp:term":[{"taxonomy":"product_brand","embeddable":true,"href":"https:\/\/galileo-training.com\/en\/wp-json\/wp\/v2\/product_brand?post=35858"},{"taxonomy":"product_cat","embeddable":true,"href":"https:\/\/galileo-training.com\/en\/wp-json\/wp\/v2\/product_cat?post=35858"},{"taxonomy":"product_tag","embeddable":true,"href":"https:\/\/galileo-training.com\/en\/wp-json\/wp\/v2\/product_tag?post=35858"}],"curies":[{"name":"wp","href":"https:\/\/api.w.org\/{rel}","templated":true}]}}