{"id":35848,"date":"2025-02-10T12:56:36","date_gmt":"2025-02-10T11:56:36","guid":{"rendered":"https:\/\/galileo-training.com\/?post_type=product&#038;p=35848"},"modified":"2025-02-17T08:07:44","modified_gmt":"2025-02-17T07:07:44","slug":"flyer-galileo-training-rueckenschmerz-100-stk","status":"publish","type":"product","link":"https:\/\/galileo-training.com\/en\/products\/flyer-galileo-training-rueckenschmerz-100-stk\/","title":{"rendered":"Flyer Galileo<sup>\u00ae<\/sup> Therapy &#8211; R\u00fcckenschmerz: 100 Stk., A4"},"content":{"rendered":"<h3>Zubeh\u00f6r f\u00fcr Galileo<\/h3>\n<p>Flyer &#8220;Galileo Therapy &#8211; R\u00fcckenschmerz&#8221; mit Stempelfeld f\u00fcr Ihren Firmenstempel. Gr\u00f6\u00dfe (b\/h): A4, 210 x 297 mm (gefaltet), 4seitig.<br \/>\nDer angegebene Preis gilt f\u00fcr die Mindestbestellmenge von 100 Stk.<\/p>\n","protected":false},"excerpt":{"rendered":"<h3>Zubeh\u00f6r f\u00fcr Galileo<\/h3>\n<p>Flyer &#8220;Galileo Therapy &#8211; R\u00fcckenschmerz&#8221; mit Stempelfeld f\u00fcr Ihren Firmenstempel. Gr\u00f6\u00dfe (b\/h): A4, 210 x 297 mm (gefaltet), 4seitig.<br \/>\nDer angegebene Preis gilt f\u00fcr die Mindestbestellmenge von 100 Stk. Indikationsbezogenes Werbemittel f\u00fcr den Einsatz von Medizinprodukten bei \u00c4rzten und Therapeuten.<\/p>\n","protected":false},"featured_media":35931,"template":"","meta":{"_acf_changed":false},"product_brand":[],"product_cat":[192,775],"product_tag":[],"class_list":{"0":"post-35848","1":"product","2":"type-product","3":"status-publish","4":"has-post-thumbnail","6":"product_cat-shop","7":"product_cat-flyer","8":"product_shipping_class-regulaere-versandkosten-2035e","10":"first","11":"instock","12":"taxable","13":"shipping-taxable","14":"purchasable","15":"product-type-simple"},"acf":[],"_links":{"self":[{"href":"https:\/\/galileo-training.com\/en\/wp-json\/wp\/v2\/product\/35848","targetHints":{"allow":["GET"]}}],"collection":[{"href":"https:\/\/galileo-training.com\/en\/wp-json\/wp\/v2\/product"}],"about":[{"href":"https:\/\/galileo-training.com\/en\/wp-json\/wp\/v2\/types\/product"}],"wp:featuredmedia":[{"embeddable":true,"href":"https:\/\/galileo-training.com\/en\/wp-json\/wp\/v2\/media\/35931"}],"wp:attachment":[{"href":"https:\/\/galileo-training.com\/en\/wp-json\/wp\/v2\/media?parent=35848"}],"wp:term":[{"taxonomy":"product_brand","embeddable":true,"href":"https:\/\/galileo-training.com\/en\/wp-json\/wp\/v2\/product_brand?post=35848"},{"taxonomy":"product_cat","embeddable":true,"href":"https:\/\/galileo-training.com\/en\/wp-json\/wp\/v2\/product_cat?post=35848"},{"taxonomy":"product_tag","embeddable":true,"href":"https:\/\/galileo-training.com\/en\/wp-json\/wp\/v2\/product_tag?post=35848"}],"curies":[{"name":"wp","href":"https:\/\/api.w.org\/{rel}","templated":true}]}}