{"id":16907,"date":"2023-09-06T11:40:21","date_gmt":"2023-09-06T09:40:21","guid":{"rendered":"https:\/\/training.stratec-medizintechnik.de\/?post_type=product&#038;p=16907"},"modified":"2023-09-06T11:43:09","modified_gmt":"2023-09-06T09:43:09","slug":"galileo-training-haengebanner-inkl-alu-profilen-mit-aufhaengern-trainingsuebungen","status":"publish","type":"product","link":"https:\/\/galileo-training.com\/en\/products\/galileo-training-haengebanner-inkl-alu-profilen-mit-aufhaengern-trainingsuebungen\/","title":{"rendered":"Galileo\u00ae Training H\u00e4ngebanner inkl. Alu-Profilen mit Aufh\u00e4ngern. Trainings\u00fcbungen."},"content":{"rendered":"<h3>Zubeh\u00f6r f\u00fcr Galileo<\/h3>\n<p>Einseitig bedrucktes Galileo Training H\u00e4ngebanner Trainings\u00fcbungen f\u00fcr den Indoor-Bereich mit Alu-Profilen oben (mit Aufh\u00e4ngern) und unten. Gr\u00f6\u00dfe des bedruckten Stoff-Panels (b\/h): 850 x 2000 mm. Lieferumfang: Bedrucktes Stoff-Panel, Aluschienen, Kartonverpackung.<\/p>\n<p>Motiv: Trainings\u00fcbungen f\u00fcr unterschiedliche Muskelgruppen, Dehnung und Entspannung.<\/p>\n","protected":false},"excerpt":{"rendered":"<p>Zubeh\u00f6r f\u00fcr Galileo Einseitig bedrucktes Galileo Training H\u00e4ngebanner Trainings\u00fcbungen f\u00fcr den Indoor-Bereich mit Alu-Profilen oben (mit Aufh\u00e4ngern) und unten. Gr\u00f6\u00dfe<\/p>\n","protected":false},"featured_media":16908,"template":"","meta":{"_acf_changed":false},"product_brand":[],"product_cat":[192,776],"product_tag":[],"class_list":{"0":"post-16907","1":"product","2":"type-product","3":"status-publish","4":"has-post-thumbnail","6":"product_cat-shop","7":"product_cat-banner","8":"product_shipping_class-regulaere-versandkosten-2035e","10":"first","11":"instock","12":"taxable","13":"shipping-taxable","14":"purchasable","15":"product-type-simple"},"acf":[],"_links":{"self":[{"href":"https:\/\/galileo-training.com\/en\/wp-json\/wp\/v2\/product\/16907","targetHints":{"allow":["GET"]}}],"collection":[{"href":"https:\/\/galileo-training.com\/en\/wp-json\/wp\/v2\/product"}],"about":[{"href":"https:\/\/galileo-training.com\/en\/wp-json\/wp\/v2\/types\/product"}],"wp:featuredmedia":[{"embeddable":true,"href":"https:\/\/galileo-training.com\/en\/wp-json\/wp\/v2\/media\/16908"}],"wp:attachment":[{"href":"https:\/\/galileo-training.com\/en\/wp-json\/wp\/v2\/media?parent=16907"}],"wp:term":[{"taxonomy":"product_brand","embeddable":true,"href":"https:\/\/galileo-training.com\/en\/wp-json\/wp\/v2\/product_brand?post=16907"},{"taxonomy":"product_cat","embeddable":true,"href":"https:\/\/galileo-training.com\/en\/wp-json\/wp\/v2\/product_cat?post=16907"},{"taxonomy":"product_tag","embeddable":true,"href":"https:\/\/galileo-training.com\/en\/wp-json\/wp\/v2\/product_tag?post=16907"}],"curies":[{"name":"wp","href":"https:\/\/api.w.org\/{rel}","templated":true}]}}