{"id":16904,"date":"2023-09-06T11:36:18","date_gmt":"2023-09-06T09:36:18","guid":{"rendered":"https:\/\/training.stratec-medizintechnik.de\/?post_type=product&#038;p=16904"},"modified":"2023-10-02T13:56:16","modified_gmt":"2023-10-02T11:56:16","slug":"rotes-galileo-therapy-haengebanner-mit-alu-profilen-mit-aufhaengern","status":"publish","type":"product","link":"https:\/\/galileo-training.com\/en\/products\/rotes-galileo-therapy-haengebanner-mit-alu-profilen-mit-aufhaengern\/","title":{"rendered":"Rotes Galileo\u00ae Therapy H\u00e4ngebanner mit Alu-Profilen mit Aufh\u00e4ngern."},"content":{"rendered":"<h3>Zubeh\u00f6r f\u00fcr Galileo<\/h3>\n<p>Einseitig bedrucktes Galileo Therapy H\u00e4ngebanner f\u00fcr den Indoor-Bereich mit Alu-Profilen oben (mit Aufh\u00e4ngern) und unten. Gr\u00f6\u00dfe des bedruckten Stoff-Panels (b\/h): 850 x 2000 mm. Lieferumfang: Bedrucktes Stoff-Panel, Aluschienen, Kartonverpackung.<\/p>\n<p>Motiv: Logo Galileo Therapy, Schriftzug &#8220;Get fit. Stay fit.&#8221;, URL.<\/p>\n","protected":false},"excerpt":{"rendered":"<p>Zubeh\u00f6r f\u00fcr Galileo Einseitig bedrucktes Galileo Therapy H\u00e4ngebanner f\u00fcr den Indoor-Bereich mit Alu-Profilen oben (mit Aufh\u00e4ngern) und unten. Gr\u00f6\u00dfe des<\/p>\n","protected":false},"featured_media":16905,"template":"","meta":{"_acf_changed":false},"product_brand":[],"product_cat":[192,776],"product_tag":[],"class_list":{"0":"post-16904","1":"product","2":"type-product","3":"status-publish","4":"has-post-thumbnail","6":"product_cat-shop","7":"product_cat-banner","9":"first","10":"instock","11":"taxable","12":"shipping-taxable","13":"purchasable","14":"product-type-simple"},"acf":[],"_links":{"self":[{"href":"https:\/\/galileo-training.com\/en\/wp-json\/wp\/v2\/product\/16904","targetHints":{"allow":["GET"]}}],"collection":[{"href":"https:\/\/galileo-training.com\/en\/wp-json\/wp\/v2\/product"}],"about":[{"href":"https:\/\/galileo-training.com\/en\/wp-json\/wp\/v2\/types\/product"}],"wp:featuredmedia":[{"embeddable":true,"href":"https:\/\/galileo-training.com\/en\/wp-json\/wp\/v2\/media\/16905"}],"wp:attachment":[{"href":"https:\/\/galileo-training.com\/en\/wp-json\/wp\/v2\/media?parent=16904"}],"wp:term":[{"taxonomy":"product_brand","embeddable":true,"href":"https:\/\/galileo-training.com\/en\/wp-json\/wp\/v2\/product_brand?post=16904"},{"taxonomy":"product_cat","embeddable":true,"href":"https:\/\/galileo-training.com\/en\/wp-json\/wp\/v2\/product_cat?post=16904"},{"taxonomy":"product_tag","embeddable":true,"href":"https:\/\/galileo-training.com\/en\/wp-json\/wp\/v2\/product_tag?post=16904"}],"curies":[{"name":"wp","href":"https:\/\/api.w.org\/{rel}","templated":true}]}}