{"id":16898,"date":"2023-09-06T11:28:40","date_gmt":"2023-09-06T09:28:40","guid":{"rendered":"https:\/\/training.stratec-medizintechnik.de\/?post_type=product&#038;p=16898"},"modified":"2025-02-13T14:31:14","modified_gmt":"2025-02-13T13:31:14","slug":"flyer-galileo-training-flexibel-und-mobil-fuer-jung-und-alt-100-stk","status":"publish","type":"product","link":"https:\/\/galileo-training.com\/en\/products\/flyer-galileo-training-flexibel-und-mobil-fuer-jung-und-alt-100-stk\/","title":{"rendered":"Flyer Galileo<sup>\u00ae<\/sup> Training &#8211; Flexibel und mobil &#8211; f\u00fcr Jung und Alt: 100 Stk., 10 x 21 cm"},"content":{"rendered":"<h3>Zubeh\u00f6r f\u00fcr Galileo<\/h3>\n<p>Flyer &#8220;Galileo Training &#8211; Flexibel und mobil &#8211; f\u00fcr Jung und Alt&#8221; mit Stempelfeld f\u00fcr Ihren Firmenstempel. Gr\u00f6\u00dfe (b\/h): 100 x 210 mm (gefaltet).<br \/>\nDer angegebene Preis gilt f\u00fcr die Mindestbestellmenge von 100 Stk.<\/p>\n","protected":false},"excerpt":{"rendered":"<p>Zubeh\u00f6r f\u00fcr Galileo Flyer &#8220;Galileo Training &#8211; Flexibel und mobil &#8211; f\u00fcr Jung und Alt&#8221; mit Stempelfeld f\u00fcr Ihren Firmenstempel.<\/p>\n","protected":false},"featured_media":35921,"template":"","meta":{"_acf_changed":false},"product_brand":[],"product_cat":[192,775],"product_tag":[],"class_list":{"0":"post-16898","1":"product","2":"type-product","3":"status-publish","4":"has-post-thumbnail","6":"product_cat-shop","7":"product_cat-flyer","8":"product_shipping_class-regulaere-versandkosten-2035e","10":"first","11":"instock","12":"taxable","13":"shipping-taxable","14":"purchasable","15":"product-type-simple"},"acf":[],"_links":{"self":[{"href":"https:\/\/galileo-training.com\/en\/wp-json\/wp\/v2\/product\/16898","targetHints":{"allow":["GET"]}}],"collection":[{"href":"https:\/\/galileo-training.com\/en\/wp-json\/wp\/v2\/product"}],"about":[{"href":"https:\/\/galileo-training.com\/en\/wp-json\/wp\/v2\/types\/product"}],"wp:featuredmedia":[{"embeddable":true,"href":"https:\/\/galileo-training.com\/en\/wp-json\/wp\/v2\/media\/35921"}],"wp:attachment":[{"href":"https:\/\/galileo-training.com\/en\/wp-json\/wp\/v2\/media?parent=16898"}],"wp:term":[{"taxonomy":"product_brand","embeddable":true,"href":"https:\/\/galileo-training.com\/en\/wp-json\/wp\/v2\/product_brand?post=16898"},{"taxonomy":"product_cat","embeddable":true,"href":"https:\/\/galileo-training.com\/en\/wp-json\/wp\/v2\/product_cat?post=16898"},{"taxonomy":"product_tag","embeddable":true,"href":"https:\/\/galileo-training.com\/en\/wp-json\/wp\/v2\/product_tag?post=16898"}],"curies":[{"name":"wp","href":"https:\/\/api.w.org\/{rel}","templated":true}]}}