{"id":16893,"date":"2023-09-06T11:24:24","date_gmt":"2023-09-06T09:24:24","guid":{"rendered":"https:\/\/training.stratec-medizintechnik.de\/?post_type=product&#038;p=16893"},"modified":"2025-02-13T14:26:03","modified_gmt":"2025-02-13T13:26:03","slug":"flyer-galileo-training-in-fitness-sport-und-wellness-100-stk","status":"publish","type":"product","link":"https:\/\/galileo-training.com\/en\/products\/flyer-galileo-training-in-fitness-sport-und-wellness-100-stk\/","title":{"rendered":"Flyer Galileo<sup>\u00ae<\/sup> Training in Fitness, Sport und Wellness: 100 Stk., 10 x 21 cm"},"content":{"rendered":"<h3>Zubeh\u00f6r f\u00fcr Galileo<\/h3>\n<p>Flyer &#8220;Galileo Training in Fitness, Sport und Wellness&#8221; mit Stempelfeld f\u00fcr Ihren Firmenstempel.\u00a0Gr\u00f6\u00dfe (b\/h): 100 x 210 mm (gefaltet).<br \/>\nDer angegebene Preis gilt f\u00fcr die Mindestbestellmenge von 100 Stk.<\/p>\n","protected":false},"excerpt":{"rendered":"<p>Zubeh\u00f6r f\u00fcr Galileo Flyer &#8220;Galileo Training in Fitness, Sport und Wellness&#8221; mit Stempelfeld f\u00fcr Ihren Firmenstempel.\u00a0Gr\u00f6\u00dfe (b\/h): 100 x 210<\/p>\n","protected":false},"featured_media":35917,"template":"","meta":{"_acf_changed":false},"product_brand":[],"product_cat":[192,775],"product_tag":[],"class_list":{"0":"post-16893","1":"product","2":"type-product","3":"status-publish","4":"has-post-thumbnail","6":"product_cat-shop","7":"product_cat-flyer","8":"product_shipping_class-regulaere-versandkosten-2035e","10":"first","11":"instock","12":"taxable","13":"shipping-taxable","14":"purchasable","15":"product-type-simple"},"acf":[],"_links":{"self":[{"href":"https:\/\/galileo-training.com\/en\/wp-json\/wp\/v2\/product\/16893","targetHints":{"allow":["GET"]}}],"collection":[{"href":"https:\/\/galileo-training.com\/en\/wp-json\/wp\/v2\/product"}],"about":[{"href":"https:\/\/galileo-training.com\/en\/wp-json\/wp\/v2\/types\/product"}],"wp:featuredmedia":[{"embeddable":true,"href":"https:\/\/galileo-training.com\/en\/wp-json\/wp\/v2\/media\/35917"}],"wp:attachment":[{"href":"https:\/\/galileo-training.com\/en\/wp-json\/wp\/v2\/media?parent=16893"}],"wp:term":[{"taxonomy":"product_brand","embeddable":true,"href":"https:\/\/galileo-training.com\/en\/wp-json\/wp\/v2\/product_brand?post=16893"},{"taxonomy":"product_cat","embeddable":true,"href":"https:\/\/galileo-training.com\/en\/wp-json\/wp\/v2\/product_cat?post=16893"},{"taxonomy":"product_tag","embeddable":true,"href":"https:\/\/galileo-training.com\/en\/wp-json\/wp\/v2\/product_tag?post=16893"}],"curies":[{"name":"wp","href":"https:\/\/api.w.org\/{rel}","templated":true}]}}