{"id":16887,"date":"2023-09-06T10:36:15","date_gmt":"2023-09-06T08:36:15","guid":{"rendered":"https:\/\/training.stratec-medizintechnik.de\/?post_type=product&#038;p=16887"},"modified":"2023-09-06T11:04:55","modified_gmt":"2023-09-06T09:04:55","slug":"posterpaket-galileo-therapy","status":"publish","type":"product","link":"https:\/\/galileo-training.com\/en\/products\/posterpaket-galileo-therapy\/","title":{"rendered":"Posterpaket Galileo\u00ae Therapy"},"content":{"rendered":"<h3>Zubeh\u00f6r f\u00fcr Galileo<\/h3>\n<p>&nbsp;<\/p>\n<p>Das Paket enth\u00e4lt insgesamt 5 Poster, Gr\u00f6\u00dfe (b\/h): 500 x 700 mm.<\/p>\n<p><strong>Inhalt:<\/strong><\/p>\n<ul>\n<li>1\u00a0<em>Basics<\/em>: Grundregeln und die 6 Grund\u00fcbungen Galileo Therapy.<\/li>\n<\/ul>\n<ul>\n<li>2\u00a0<em>R\u00fccken<\/em>: \u00dcbungen zur Pr\u00e4vention von R\u00fcckenschmerz, Kr\u00e4ftigung der R\u00fcckenmuskulatur, Lockerung muskul\u00e4rer Verspannungen und Verbesserung von Dehnf\u00e4higkeit und Flexibilit\u00e4t.<\/li>\n<\/ul>\n<ul>\n<li>3\u00a0<em>Beckenboden<\/em>: \u00dcbungen zur St\u00e4rkung der Beckenbodenmuskulatur sowie zur Verbesserung der willlentlichen Kontrolle oder zur Unterst\u00fctzung der R\u00fcckbildung nach der Entbindung.<\/li>\n<\/ul>\n<ul>\n<li>4 Osteoporoseprophylaxe: \u00dcbungen zur Steigerung von Muskelleistung und Muskelkraft f\u00fcr starke Knochen, Verbesserung von Balance und Koordination sowie von Dehnf\u00e4higkeit, Flexibilit\u00e4t und Muskelfunktion.<\/li>\n<\/ul>\n<p>&nbsp;<\/p>\n","protected":false},"excerpt":{"rendered":"<p>Zubeh\u00f6r f\u00fcr Galileo &nbsp; Das Paket enth\u00e4lt insgesamt 5 Poster, Gr\u00f6\u00dfe (b\/h): 500 x 700 mm. Inhalt: 1\u00a0Basics: Grundregeln und<\/p>\n","protected":false},"featured_media":16888,"template":"","meta":{"_acf_changed":false},"product_brand":[],"product_cat":[192,894],"product_tag":[],"class_list":{"0":"post-16887","1":"product","2":"type-product","3":"status-publish","4":"has-post-thumbnail","6":"product_cat-shop","7":"product_cat-poster","8":"product_shipping_class-regulaere-versandkosten-2035e","10":"first","11":"instock","12":"taxable","13":"shipping-taxable","14":"purchasable","15":"product-type-simple"},"acf":[],"_links":{"self":[{"href":"https:\/\/galileo-training.com\/en\/wp-json\/wp\/v2\/product\/16887","targetHints":{"allow":["GET"]}}],"collection":[{"href":"https:\/\/galileo-training.com\/en\/wp-json\/wp\/v2\/product"}],"about":[{"href":"https:\/\/galileo-training.com\/en\/wp-json\/wp\/v2\/types\/product"}],"wp:featuredmedia":[{"embeddable":true,"href":"https:\/\/galileo-training.com\/en\/wp-json\/wp\/v2\/media\/16888"}],"wp:attachment":[{"href":"https:\/\/galileo-training.com\/en\/wp-json\/wp\/v2\/media?parent=16887"}],"wp:term":[{"taxonomy":"product_brand","embeddable":true,"href":"https:\/\/galileo-training.com\/en\/wp-json\/wp\/v2\/product_brand?post=16887"},{"taxonomy":"product_cat","embeddable":true,"href":"https:\/\/galileo-training.com\/en\/wp-json\/wp\/v2\/product_cat?post=16887"},{"taxonomy":"product_tag","embeddable":true,"href":"https:\/\/galileo-training.com\/en\/wp-json\/wp\/v2\/product_tag?post=16887"}],"curies":[{"name":"wp","href":"https:\/\/api.w.org\/{rel}","templated":true}]}}