{"id":16875,"date":"2023-09-06T10:12:53","date_gmt":"2023-09-06T08:12:53","guid":{"rendered":"https:\/\/training.stratec-medizintechnik.de\/?post_type=product&#038;p=16875"},"modified":"2023-09-06T10:17:39","modified_gmt":"2023-09-06T08:17:39","slug":"posterpaket-galileo-fit","status":"publish","type":"product","link":"https:\/\/galileo-training.com\/en\/products\/posterpaket-galileo-fit\/","title":{"rendered":"Posterpaket Galileo\u00ae Fit"},"content":{"rendered":"<h3>Zubeh\u00f6r f\u00fcr Galileo<\/h3>\n<p>&nbsp;<\/p>\n<p>Das Paket enth\u00e4lt insgesamt 9 Poster. Gr\u00f6\u00dfe (b\/h): 500 x 700 mm.<\/p>\n<p><strong>5 Trainingsposter\u00a0<\/strong>f\u00fcr Galileo Training:<\/p>\n<ul>\n<li>1<em>\u00a0Basics<\/em>: Grundregeln und die 6 Grund\u00fcbungen.<\/li>\n<li><em>2 R\u00fccken<\/em>: \u00dcbungen zur vorbeugenden Kr\u00e4ftigung der R\u00fcckenmuskulatur, Lockerung muskul\u00e4rer Verspannungen und Verbesserung von Dehnf\u00e4higkeit und Flexibilit\u00e4t.<\/li>\n<li><em>3 Beckenboden<\/em>: \u00dcbungen zur St\u00e4rkung der Beckenbodenmuskulatur sowie zur Verbesserung der willlentlichen Kontrolle.<\/li>\n<li><em>4 Reduktion Sturzrisiko<\/em>: \u00dcbungen zur Steigerung von Muskelleistung und Muskelkraft f\u00fcr starke Knochen, Verbesserung von Balance und Koordination sowie von Dehnf\u00e4higkeit, Flexibilit\u00e4t und Muskelfunktion.<\/li>\n<li><em>5 Bodyforming<\/em>: \u00dcbungen zur Kr\u00e4ftigung der Muskulatur, St\u00e4rkung des Bindegewebes, zur Durchblutungsf\u00f6rderung und Hautbildverbesserung.<\/li>\n<\/ul>\n<p><strong>4 Werbeposter<\/strong>\u00a0mit Galileo Fit:<\/p>\n<ul>\n<li><em>Motiv 1<\/em>: Michael.<\/li>\n<li><em>Motiv 2<\/em>: Anja.<\/li>\n<li><em>Motiv 3<\/em>: Michael mit Langhantel.<\/li>\n<li><em>Motiv 4<\/em>: Ina.<\/li>\n<\/ul>\n","protected":false},"excerpt":{"rendered":"<p>Zubeh\u00f6r f\u00fcr Galileo &nbsp; Das Paket enth\u00e4lt insgesamt 9 Poster. Gr\u00f6\u00dfe (b\/h): 500 x 700 mm. 5 Trainingsposter\u00a0f\u00fcr Galileo Training:<\/p>\n","protected":false},"featured_media":16876,"template":"","meta":{"_acf_changed":false},"product_brand":[],"product_cat":[192,894],"product_tag":[],"class_list":{"0":"post-16875","1":"product","2":"type-product","3":"status-publish","4":"has-post-thumbnail","6":"product_cat-shop","7":"product_cat-poster","8":"product_shipping_class-regulaere-versandkosten-2035e","10":"first","11":"instock","12":"taxable","13":"shipping-taxable","14":"purchasable","15":"product-type-simple"},"acf":[],"_links":{"self":[{"href":"https:\/\/galileo-training.com\/en\/wp-json\/wp\/v2\/product\/16875","targetHints":{"allow":["GET"]}}],"collection":[{"href":"https:\/\/galileo-training.com\/en\/wp-json\/wp\/v2\/product"}],"about":[{"href":"https:\/\/galileo-training.com\/en\/wp-json\/wp\/v2\/types\/product"}],"wp:featuredmedia":[{"embeddable":true,"href":"https:\/\/galileo-training.com\/en\/wp-json\/wp\/v2\/media\/16876"}],"wp:attachment":[{"href":"https:\/\/galileo-training.com\/en\/wp-json\/wp\/v2\/media?parent=16875"}],"wp:term":[{"taxonomy":"product_brand","embeddable":true,"href":"https:\/\/galileo-training.com\/en\/wp-json\/wp\/v2\/product_brand?post=16875"},{"taxonomy":"product_cat","embeddable":true,"href":"https:\/\/galileo-training.com\/en\/wp-json\/wp\/v2\/product_cat?post=16875"},{"taxonomy":"product_tag","embeddable":true,"href":"https:\/\/galileo-training.com\/en\/wp-json\/wp\/v2\/product_tag?post=16875"}],"curies":[{"name":"wp","href":"https:\/\/api.w.org\/{rel}","templated":true}]}}