{"id":16872,"date":"2023-09-06T10:07:45","date_gmt":"2023-09-06T08:07:45","guid":{"rendered":"https:\/\/training.stratec-medizintechnik.de\/?post_type=product&#038;p=16872"},"modified":"2023-09-06T10:10:30","modified_gmt":"2023-09-06T08:10:30","slug":"galileo-keramikbecher","status":"publish","type":"product","link":"https:\/\/galileo-training.com\/en\/products\/galileo-keramikbecher\/","title":{"rendered":"Galileo\u00ae Keramikbecher"},"content":{"rendered":"<h3>Zubeh\u00f6r f\u00fcr Galileo<\/h3>\n<p>Galileo Keramikbecher.<br \/>\nMaterial: Keramik.<br \/>\nGr\u00f6\u00dfe:\u00a0 ca. 10,5 cm hoch.<br \/>\nFarbe: au\u00dfen rot, innen wei\u00df glasiert .<br \/>\nLieferzeit: ca. 2 Wochen.<\/p>\n","protected":false},"excerpt":{"rendered":"<p>Zubeh\u00f6r f\u00fcr Galileo Galileo Keramikbecher. Material: Keramik. Gr\u00f6\u00dfe:\u00a0 ca. 10,5 cm hoch. Farbe: au\u00dfen rot, innen wei\u00df glasiert . Lieferzeit:<\/p>\n","protected":false},"featured_media":16873,"template":"","meta":{"_acf_changed":false},"product_brand":[],"product_cat":[192,296],"product_tag":[],"class_list":{"0":"post-16872","1":"product","2":"type-product","3":"status-publish","4":"has-post-thumbnail","6":"product_cat-shop","7":"product_cat-promotionmaterial","8":"product_shipping_class-regulaere-versandkosten-2035e","10":"first","11":"instock","12":"taxable","13":"shipping-taxable","14":"purchasable","15":"product-type-simple"},"acf":[],"_links":{"self":[{"href":"https:\/\/galileo-training.com\/en\/wp-json\/wp\/v2\/product\/16872","targetHints":{"allow":["GET"]}}],"collection":[{"href":"https:\/\/galileo-training.com\/en\/wp-json\/wp\/v2\/product"}],"about":[{"href":"https:\/\/galileo-training.com\/en\/wp-json\/wp\/v2\/types\/product"}],"wp:featuredmedia":[{"embeddable":true,"href":"https:\/\/galileo-training.com\/en\/wp-json\/wp\/v2\/media\/16873"}],"wp:attachment":[{"href":"https:\/\/galileo-training.com\/en\/wp-json\/wp\/v2\/media?parent=16872"}],"wp:term":[{"taxonomy":"product_brand","embeddable":true,"href":"https:\/\/galileo-training.com\/en\/wp-json\/wp\/v2\/product_brand?post=16872"},{"taxonomy":"product_cat","embeddable":true,"href":"https:\/\/galileo-training.com\/en\/wp-json\/wp\/v2\/product_cat?post=16872"},{"taxonomy":"product_tag","embeddable":true,"href":"https:\/\/galileo-training.com\/en\/wp-json\/wp\/v2\/product_tag?post=16872"}],"curies":[{"name":"wp","href":"https:\/\/api.w.org\/{rel}","templated":true}]}}